{"id":113,"date":"2024-11-08T13:56:36","date_gmt":"2024-11-08T12:56:36","guid":{"rendered":"https:\/\/test-nauka-gov-pl.opi.org.pl\/?page_id=113"},"modified":"2024-12-17T11:17:42","modified_gmt":"2024-12-17T10:17:42","slug":"home-page","status":"publish","type":"page","link":"https:\/\/uslugi.nauka.gov.pl\/en\/","title":{"rendered":"Science Portal"},"content":{"rendered":"\n<section class=\"wp-block-group opi-front-page-goal\"><div class=\"wp-block-group__inner-container is-layout-constrained wp-block-group-is-layout-constrained\">\n<div class=\"wp-block-columns is-layout-flex wp-container-core-columns-is-layout-9d6595d7 wp-block-columns-is-layout-flex\">\n<div class=\"wp-block-column is-layout-flow wp-block-column-is-layout-flow\">\n<div class=\"wp-block-media-text is-stacked-on-mobile\"><figure class=\"wp-block-media-text__media\"><img decoding=\"async\" src=\"https:\/\/test-nauka-gov-pl.opi.org.pl\/wp-content\/uploads\/2024\/11\/02-edukacja-2.svg\" alt=\"\" class=\"wp-image-21 size-full\"\/><\/figure><div class=\"wp-block-media-text__content\">\n<p>Plan your academic journey with the latest study offers<\/p>\n<\/div><\/div>\n\n\n\n<p>Odkryj dost\u0119pne kierunki studi\u00f3w, programy \u2028i wymagania rekrutacyjne na najlepszych polskich uczelniach. Zaplanuj swoj\u0105 \u015bcie\u017ck\u0119 edukacyjn\u0105 \u2028i rozpocznij akademick\u0105 podr\u00f3\u017c ju\u017c teraz.<\/p>\n<\/div>\n\n\n\n<div class=\"wp-block-column is-layout-flow wp-block-column-is-layout-flow\">\n<div class=\"wp-block-media-text is-stacked-on-mobile\"><figure class=\"wp-block-media-text__media\"><img decoding=\"async\" src=\"https:\/\/test-nauka-gov-pl.opi.org.pl\/wp-content\/uploads\/2024\/11\/09-mikroskop.svg\" alt=\"\" class=\"wp-image-22 size-full\"\/><\/figure><div class=\"wp-block-media-text__content\">\n<p>Zbuduj karier\u0119 naukow\u0105 z dost\u0119pem do grant\u00f3w<\/p>\n<\/div><\/div>\n\n\n\n<p>Chcesz rozwija\u0107 si\u0119 jako naukowiec? Odkryj mo\u017cliwo\u015bci zdobycia grant\u00f3w, nawi\u0105zywania wsp\u00f3\u0142pracy oraz rozwijania kariery naukowej \u2028w najlepszych instytucjach badawczych w Polsce.<\/p>\n<\/div>\n\n\n\n<div class=\"wp-block-column is-layout-flow wp-block-column-is-layout-flow\">\n<div class=\"wp-block-media-text is-stacked-on-mobile\"><figure class=\"wp-block-media-text__media\"><img decoding=\"async\" src=\"https:\/\/test-nauka-gov-pl.opi.org.pl\/wp-content\/uploads\/2024\/11\/palac.svg\" alt=\"\" class=\"wp-image-23 size-full\"\/><\/figure><div class=\"wp-block-media-text__content\">\n<p>Rzetelne informacje o uczelniach w jednym miejscu<\/p>\n<\/div><\/div>\n\n\n\n<p>Zgromadzili\u015bmy najnowsze, sprawdzone informacje o polskich uczelniach, kierunkach studi\u00f3w, warunkach rekrutacji i ofercie edukacyjnej \u2028w jednym, \u0142atwo dost\u0119pnym miejscu.<\/p>\n<\/div>\n<\/div>\n<\/div><\/section>\n\n\n\n<section class=\"wp-block-group opi-front-page-news\"><div class=\"wp-block-group__inner-container is-layout-constrained wp-block-group-is-layout-constrained\">\n<h2 class=\"wp-block-heading\">What will I find on the portal\/News?<\/h2>\n\n\n\n<div class=\"wp-block-query is-layout-flow wp-block-query-is-layout-flow\">\n\n\n\n<div class=\"wp-block-query-no-results\">\n\n<p><\/p>\n\n<\/div><\/div>\n<\/div><\/section>\n\n\n\n<section class=\"wp-block-group opi-front-page-newsletter\"><div class=\"wp-block-group__inner-container is-layout-constrained wp-block-group-is-layout-constrained\">\n<h2 class=\"wp-block-heading\">Newsletter<\/h2>\n<\/div><\/section>\n","protected":false},"excerpt":{"rendered":"<p>It offers access to information for various groups, supports career development and innovation, and digitalizes academic processes. It also facilitates cooperation, networking, and knowledge exchange in the scientific community.<\/p>\n","protected":false},"author":2328963320,"featured_media":0,"parent":0,"menu_order":0,"comment_status":"closed","ping_status":"closed","template":"","meta":{"footnotes":""},"class_list":["post-113","page","type-page","status-publish","hentry"],"_links":{"self":[{"href":"https:\/\/uslugi.nauka.gov.pl\/en\/wp-json\/wp\/v2\/pages\/113","targetHints":{"allow":["GET"]}}],"collection":[{"href":"https:\/\/uslugi.nauka.gov.pl\/en\/wp-json\/wp\/v2\/pages"}],"about":[{"href":"https:\/\/uslugi.nauka.gov.pl\/en\/wp-json\/wp\/v2\/types\/page"}],"author":[{"embeddable":true,"href":"https:\/\/uslugi.nauka.gov.pl\/en\/wp-json\/wp\/v2\/users\/2328963320"}],"replies":[{"embeddable":true,"href":"https:\/\/uslugi.nauka.gov.pl\/en\/wp-json\/wp\/v2\/comments?post=113"}],"version-history":[{"count":1,"href":"https:\/\/uslugi.nauka.gov.pl\/en\/wp-json\/wp\/v2\/pages\/113\/revisions"}],"predecessor-version":[{"id":284,"href":"https:\/\/uslugi.nauka.gov.pl\/en\/wp-json\/wp\/v2\/pages\/113\/revisions\/284"}],"wp:attachment":[{"href":"https:\/\/uslugi.nauka.gov.pl\/en\/wp-json\/wp\/v2\/media?parent=113"}],"curies":[{"name":"wp","href":"https:\/\/api.w.org\/{rel}","templated":true}]}}